{"id":631,"date":"2018-07-19T12:53:07","date_gmt":"2018-07-19T10:53:07","guid":{"rendered":"http:\/\/celltrend.oder.media\/general-information\/sklerodermie-rheumatologie.html\/"},"modified":"2018-09-25T11:14:40","modified_gmt":"2018-09-25T09:14:40","slug":"systemic-sclerosis","status":"publish","type":"page","link":"https:\/\/www.celltrend.de\/en\/at1r-antibody-elisa\/systemic-sclerosis\/","title":{"rendered":"Systemic sclerosis"},"content":{"rendered":"<div class=\"wpb-content-wrapper\"><p>[vc_row disable_element=&#8221;yes&#8221;][vc_column][vc_column_text]Systemic sclerosis is a devastating multi-organ disease characterized by a triad of autoimmunity, vasculopathy and tissue fibrosis. The functional link between these three pathophysiologic components is missing. Immunosuppressive therapies are rarely effective. There is emerging evidence on the beneficial effects of treatments targeting the reninangiotensin system or endothelin receptors.<\/p>\n<p><span lang=\"en-US\"><strong>Prof. G. Riemekasten<\/strong>\u00a0and\u00a0<strong>Prof. D. Dragun<\/strong>, Charite Medical School, Berlin, investigated the involvement of antibody to AT1R and ETAR\u00a0in systemic sclerosis.\u00a0Functional autoimmunity directed at AT1R and ETAR is common in patients with SSc. AT1R and ETAR autoantibodies could contribute to disease pathogenesis and serve as biomarkers for risk assessment of disease progression.\u00a0<\/span><\/p>\n<p>The CE-labeled, cell based\u00a0AT1R-Antibody-ELISA\u00a0and\u00a0ETAR-Antibody-ELISA\u00a0are the first ELISAs for routine screening in sera or plasma.[\/vc_column_text][\/vc_column][\/vc_row][vc_row][vc_column][vc_column_text]Aab targeting GPCRs have been characterized in several rheumatic diseases. In particular, anti-GPCR aab have been deeply investigated in patients with Systemic sclerosis (SSc), which is an autoimmune disease mainly characterized features by the development of autoimmunity, vasculopathy and tissue fibrosis. The renin-angiotensin and endothelin systems have been implicated in vasculopathy and fibrosis. Riemenkasten <em>et al. <\/em>identified the association of anti- AT1R and anti-ETAR aab with clinical symptoms of SSc (32). They investigated serum samples from SSc patients from three independent cohorts (n=478) and compared them with healthy controls (n=372) and control diseases (n=311). Antibodies against AT1R and ETAR were elevated in patients suffering from SSc. Higher levels of anti-AT1R and anti-ETAR aab were associated with different severe disease manifestations and predicted SSc-related mortality. Anti-AT1R and anti-ETAR aab contribute to disease pathogenesis and therefore they should be used as biomarkers for the risk assessment of disease progression.<\/p>\n<p>Avouac <em>et al. <\/em>showed that in patients with SSc (n=90) anti-ETAR aab are strong predictors for digital ulcers in a five year follow-up (43).<\/p>\n<p>In addition, Becker <em>et al. <\/em>investigated patients with SSc related pulmonary arterial hypertension (PAH, n=81) and connective tissue disease-associated PAH (n=110) compared with other forms of pulmonary hypertension (n=106), (44). The predicted outcomes for PAH, associated with SSc, was worse than for the other forms of PAH. Anti-AT1R and anti-ETAR aab are more frequent in SSc related PAH and in connective tissue disease related PAH compared to other forms of pulmonary hypertension. Anti-AT1R and anti-ETAR aab serve as predictors and prognostic biomarkers in SSc related PAH.<\/p>\n<p>Kill postulates that Angiotensin and endothelin-receptor activation via anti-AT1R and anti- ETARaab mediate pathogenic effects, indicating their contribution to pathogenesis of SSc (45, 46).<\/p>\n<p><strong>References<\/strong><\/p>\n<ol start=\"32\">\n<li>G Riemekasten, A Philippe, M N\u00e4ther, T Slowinski, DN M\u00fcller, H Heidecke, M Matucci- Cerinic, L Czirj\u00e1k, I Lukitsch, MO Becker, A Kill, JM van Laar, R Catar, FC Luft, GR Burmester, B Hegner, D Dragun. Involvement of functional autoantibodies against vascular receptors in systemic sclerosis. <em>Ann Rheum Dis. <\/em>70(3), 530-536 (2011)<\/li>\n<li>J Avouac, G Riemekasten, C Meune, B Ruiz, A Kahan, Y Allanore. Autoantibodies against Endothelin 1 Type A Receptor Are Strong Predictors of Digital Ulcers in Systemic Sclerosis. <em>J Rheumatol. <\/em>42(10), 1801-1807 (2015)<\/li>\n<li>MO Becker, A Kill, M Kutsche, J Guenther, A Rose, C Tabeling, M Witzenrath, AA K\u00fchl, H Heidecke, HA Ghofrani, H Tiede, RT Schermuly, N Nickel, MM Hoeper, I Lukitsch, M Gollasch, WM Kuebler, S Bock, GR Burmester, D Dragun, G Riemekasten. Vascular receptor autoantibodies in pulmonary arterial hypertension associated with systemic sclerosis. <em>Am J Respir Crit Care Med. <\/em>190(7), 808-817 (2014)<\/li>\n<li>A Kill, C Tabeling, R Undeutsch, AA K\u00fchl, J G\u00fcnther, M Radic, MO Becker, H Heidecke, M Worm, M Witzenrath, GR Burmester, D Dragun, G Riemekasten. Autoantibodies to angiotensin and endothelin receptors in systemic sclerosis induce cellular and systemic events associated with disease pathogenesis. <em>Arthritis Res Ther. <\/em>16(1), R29 (2014)<\/li>\n<li>J G\u00fcnther, A Kill, MO Becker, H Heidecke, J Rademacher, E Siegert, M Radi\u0107, GR Burmester, D Dragun, G Riemekasten. An\u00adgiotensin receptor type 1 and endothelin receptor type A on immune cells mediate migration and the expression of IL-8 and CCL18 when stimulated by autoantibodies from systemic sclerosis patients. <em>Arthritis Res Ther. <\/em>16(2), R65 (2014)<\/li>\n<\/ol>\n<p>[\/vc_column_text][\/vc_column][\/vc_row]<\/p>\n<\/div>","protected":false},"excerpt":{"rendered":"<p>[vc_row disable_element=&#8221;yes&#8221;][vc_column][vc_column_text]Systemic sclerosis is a devastating multi-organ disease characterized by a triad of autoimmunity, vasculopathy and tissue fibrosis. The functional link between these three pathophysiologic components is missing. Immunosuppressive therapies are rarely effective. There is emerging evidence on the beneficial effects of treatments targeting the reninangiotensin system or endothelin receptors. Prof. G. Riemekasten\u00a0and\u00a0Prof. D. Dragun,&hellip;<\/p>\n","protected":false},"author":1,"featured_media":0,"parent":991,"menu_order":0,"comment_status":"closed","ping_status":"closed","template":"","meta":{"footnotes":""},"yst_prominent_words":[],"class_list":["post-631","page","type-page","status-publish","hentry","description-off"],"_links":{"self":[{"href":"https:\/\/www.celltrend.de\/en\/wp-json\/wp\/v2\/pages\/631","targetHints":{"allow":["GET"]}}],"collection":[{"href":"https:\/\/www.celltrend.de\/en\/wp-json\/wp\/v2\/pages"}],"about":[{"href":"https:\/\/www.celltrend.de\/en\/wp-json\/wp\/v2\/types\/page"}],"author":[{"embeddable":true,"href":"https:\/\/www.celltrend.de\/en\/wp-json\/wp\/v2\/users\/1"}],"replies":[{"embeddable":true,"href":"https:\/\/www.celltrend.de\/en\/wp-json\/wp\/v2\/comments?post=631"}],"version-history":[{"count":6,"href":"https:\/\/www.celltrend.de\/en\/wp-json\/wp\/v2\/pages\/631\/revisions"}],"predecessor-version":[{"id":1472,"href":"https:\/\/www.celltrend.de\/en\/wp-json\/wp\/v2\/pages\/631\/revisions\/1472"}],"up":[{"embeddable":true,"href":"https:\/\/www.celltrend.de\/en\/wp-json\/wp\/v2\/pages\/991"}],"wp:attachment":[{"href":"https:\/\/www.celltrend.de\/en\/wp-json\/wp\/v2\/media?parent=631"}],"wp:term":[{"taxonomy":"yst_prominent_words","embeddable":true,"href":"https:\/\/www.celltrend.de\/en\/wp-json\/wp\/v2\/yst_prominent_words?post=631"}],"curies":[{"name":"wp","href":"https:\/\/api.w.org\/{rel}","templated":true}]}}